{"id":3538,"date":"2025-12-03T05:49:32","date_gmt":"2025-12-03T04:49:32","guid":{"rendered":"https:\/\/milpatisserie.com\/?page_id=3538"},"modified":"2026-01-09T07:31:49","modified_gmt":"2026-01-09T06:31:49","slug":"foires-et-evenements","status":"publish","type":"page","link":"https:\/\/milpatisserie.com\/index.php\/foires-et-evenements\/","title":{"rendered":"Foires et \u00e9v\u00e9nements"},"content":{"rendered":"\n<figure class=\"wp-block-image size-full\"><img loading=\"lazy\" decoding=\"async\" width=\"940\" height=\"788\" src=\"https:\/\/milpatisserie.com\/wp-content\/uploads\/2025\/11\/Les-produits-a-vendre-34.png\" alt=\"\" class=\"wp-image-3392\" srcset=\"https:\/\/milpatisserie.com\/wp-content\/uploads\/2025\/11\/Les-produits-a-vendre-34.png 940w, https:\/\/milpatisserie.com\/wp-content\/uploads\/2025\/11\/Les-produits-a-vendre-34-300x251.png 300w, https:\/\/milpatisserie.com\/wp-content\/uploads\/2025\/11\/Les-produits-a-vendre-34-768x644.png 768w\" sizes=\"auto, (max-width: 940px) 100vw, 940px\" \/><\/figure>\n\n\n\n<h2 class=\"wp-block-heading\">Stand des foires et commerce ambulant pour vos \u00e9v\u00e9nements<\/h2>\n\n\n\n<div class=\"wp-block-cover alignfull is-light is-repeated has-custom-content-position is-position-top-left has-ast-global-color-8-color has-text-color has-link-color wp-elements-0c6fb83470edb4a1621ac46a38ee9e51 wp-duotone-unset-1\" style=\"margin-top:0;padding-top:5vw;padding-right:5vw;padding-bottom:5vw;padding-left:5vw;min-height:50vh;aspect-ratio:unset;\"><div class=\"wp-block-cover__image-background wp-image-3580 size-full is-repeated\" style=\"background-position:50% 50%;background-image:url(https:\/\/milpatisserie.com\/wp-content\/uploads\/2025\/12\/Les-produits-a-vendre-51.png)\"><\/div><span aria-hidden=\"true\" class=\"wp-block-cover__background has-background-dim-10 has-background-dim\" style=\"background-color:#f6d477\"><\/span><div class=\"wp-block-cover__inner-container is-layout-flow wp-block-cover-is-layout-flow\">\n<div class=\"wp-block-group wp-container-content-9cfa9a5a is-vertical is-nowrap is-layout-flex wp-container-core-group-is-layout-2890af74 wp-block-group-is-layout-flex\">\n<p class=\"has-text-align-left has-black-color has-text-color has-source-serif-pro-font-family\" style=\"font-size:96px;font-style:italic;font-weight:900;letter-spacing:-4px;line-height:0.8;text-transform:capitalize\">test<\/p>\n<\/div>\n<\/div><\/div>\n\n\n\n<div class=\"wp-block-columns alignwide has-background is-layout-flex wp-container-core-columns-is-layout-d2da2050 wp-block-columns-is-layout-flex\" style=\"background-color:#f8802b;margin-bottom:0\">\n<div class=\"wp-block-column has-text-color has-background has-link-color wp-elements-42f63ce42576ba813b790d8c1426ff41 is-layout-flow wp-block-column-is-layout-flow\" style=\"color:#000000;background-color:#ffe97d;padding-top:2em;padding-right:2em;padding-bottom:2em;padding-left:2em\">\n<h2 class=\"wp-block-heading\" id=\"single\" style=\"font-size:40px\"><strong>Individuel<\/strong><\/h2>\n\n\n\n<p class=\"has-normal-font-size\" style=\"line-height:1.5\"><strong>Contribuez \u00e0 notre communaut\u00e9 en pleine expansion.<\/strong> <\/p>\n\n\n\n<hr class=\"wp-block-separator has-text-color has-css-opacity has-background is-style-wide\" style=\"background-color:#000000;color:#000000\"\/>\n\n\n\n<ul class=\"wp-block-list has-normal-font-size\">\n<li>Entr\u00e9e libre et r\u00e9ductions r\u00e9serv\u00e9es aux membres pour un adulte<\/li>\n\n\n\n<li>Un billet gratuit par exposition temporaire<\/li>\n\n\n\n<li>Deux laissez-passer \u00e0 usage unique par an<\/li>\n<\/ul>\n\n\n\n<div class=\"wp-block-buttons alignfull is-horizontal is-content-justification-center is-layout-flex wp-container-core-buttons-is-layout-03627597 wp-block-buttons-is-layout-flex\">\n<div class=\"wp-block-button has-custom-width wp-block-button__width-100\"><a class=\"wp-block-button__link has-white-color has-text-color has-background no-border-radius wp-element-button\" style=\"background-color:#000000\">$110 \/ an<\/a><\/div>\n<\/div>\n<\/div>\n\n\n\n<div class=\"wp-block-column has-text-color has-background has-link-color wp-elements-b6459272972f034547b4293248b9d919 is-layout-flow wp-block-column-is-layout-flow\" style=\"color:#000000;background-color:#d1d1e1;padding-top:2em;padding-right:2em;padding-bottom:2em;padding-left:2em\">\n<h2 class=\"wp-block-heading\" id=\"family\" style=\"font-size:40px\"><strong>Famille<\/strong><\/h2>\n\n\n\n<p class=\"has-normal-font-size\" style=\"line-height:1.5\"><strong>Soutenez les expositions sp\u00e9ciales.<\/strong><\/p>\n\n\n\n<hr class=\"wp-block-separator has-css-opacity is-style-wide\"\/>\n\n\n\n<ul class=\"wp-block-list has-normal-font-size\">\n<li>Entr\u00e9e libre et r\u00e9ductions r\u00e9serv\u00e9es aux membres pour deux adultes<\/li>\n\n\n\n<li>Quatre billets gratuits par exposition temporaire<\/li>\n\n\n\n<li>Quatre laissez-passer \u00e0 usage unique par an<\/li>\n<\/ul>\n\n\n\n<div class=\"wp-block-buttons alignfull is-horizontal is-content-justification-center is-layout-flex wp-container-core-buttons-is-layout-03627597 wp-block-buttons-is-layout-flex\">\n<div class=\"wp-block-button has-custom-width wp-block-button__width-100 is-style-fill\"><a class=\"wp-block-button__link has-white-color has-text-color has-background no-border-radius wp-element-button\" style=\"background-color:#000000\">200\u20ac \/ an<\/a><\/div>\n<\/div>\n<\/div>\n\n\n\n<div class=\"wp-block-column is-layout-flow wp-block-column-is-layout-flow\"><\/div>\n\n\n\n<div class=\"wp-block-column is-layout-flow wp-block-column-is-layout-flow\"><\/div>\n<\/div>\n\n\n\n<div class=\"wp-block-group alignfull has-text-color has-background is-layout-grid wp-container-core-group-is-layout-478b6e6b wp-block-group-is-layout-grid\" style=\"color:#000000;background-color:#ffffff;background-image:url(&apos;https:\/\/milpatisserie.com\/wp-content\/uploads\/2025\/11\/Les-produits-a-vendre-33.png&apos;);background-size:cover;\">\n<div style=\"height:64px;width:0px\" aria-hidden=\"true\" class=\"wp-block-spacer\"><\/div>\n\n\n\n<h2 class=\"wp-block-heading\">Test titre<\/h2>\n\n\n\n<p class=\"has-text-align-center has-medium-font-size\" style=\"line-height:0.2\"><strong>Contactez<\/strong><a href=\"https:\/\/milpatisserie.com\/index.php\/eshop\/\" data-type=\"page\" data-id=\"1007\">Cuisine Traiteur<\/a><strong> nous<\/strong><\/p>\n\n\n\n<h2 class=\"wp-block-heading has-text-align-center\" id=\"schedule-a-visit\" style=\"font-size:59px;line-height:1.15\"><strong>Pr\u00e9voir une visite<\/strong><\/h2>\n\n\n\n<div class=\"wp-block-buttons is-horizontal is-content-justification-center is-layout-flex wp-container-core-buttons-is-layout-03627597 wp-block-buttons-is-layout-flex\">\n<div class=\"wp-block-button has-custom-width wp-block-button__width-50\"><a class=\"wp-block-button__link has-text-color has-background wp-element-button\" style=\"border-radius:50px;color:#ffffff;background-color:#000000\">Contactez-nous<\/a><\/div>\n<\/div>\n\n\n\n<div style=\"height:64px;width:0px\" aria-hidden=\"true\" class=\"wp-block-spacer\"><\/div>\n<\/div>\n","protected":false},"excerpt":{"rendered":"<p>Stand des foires et commerce ambulant pour vos \u00e9v\u00e9nements Individuel Contribuez \u00e0 notre communaut\u00e9 en pleine expansion. Famille Soutenez les [&hellip;]<\/p>\n","protected":false},"author":1,"featured_media":3680,"parent":0,"menu_order":0,"comment_status":"closed","ping_status":"closed","template":"","meta":{"site-sidebar-layout":"default","site-content-layout":"","ast-site-content-layout":"default","site-content-style":"default","site-sidebar-style":"default","ast-global-header-display":"","ast-banner-title-visibility":"","ast-main-header-display":"","ast-hfb-above-header-display":"","ast-hfb-below-header-display":"","ast-hfb-mobile-header-display":"","site-post-title":"","ast-breadcrumbs-content":"","ast-featured-img":"","footer-sml-layout":"","ast-disable-related-posts":"","theme-transparent-header-meta":"","adv-header-id-meta":"","stick-header-meta":"","header-above-stick-meta":"","header-main-stick-meta":"","header-below-stick-meta":"","astra-migrate-meta-layouts":"default","ast-page-background-enabled":"default","ast-page-background-meta":{"desktop":{"background-color":"var(--ast-global-color-5)","background-image":"","background-repeat":"repeat","background-position":"center center","background-size":"auto","background-attachment":"scroll","background-type":"","background-media":"","overlay-type":"","overlay-color":"","overlay-opacity":"","overlay-gradient":""},"tablet":{"background-color":"","background-image":"","background-repeat":"repeat","background-position":"center center","background-size":"auto","background-attachment":"scroll","background-type":"","background-media":"","overlay-type":"","overlay-color":"","overlay-opacity":"","overlay-gradient":""},"mobile":{"background-color":"","background-image":"","background-repeat":"repeat","background-position":"center center","background-size":"auto","background-attachment":"scroll","background-type":"","background-media":"","overlay-type":"","overlay-color":"","overlay-opacity":"","overlay-gradient":""}},"ast-content-background-meta":{"desktop":{"background-color":"var(--ast-global-color-4)","background-image":"","background-repeat":"repeat","background-position":"center center","background-size":"auto","background-attachment":"scroll","background-type":"","background-media":"","overlay-type":"","overlay-color":"","overlay-opacity":"","overlay-gradient":""},"tablet":{"background-color":"var(--ast-global-color-4)","background-image":"","background-repeat":"repeat","background-position":"center center","background-size":"auto","background-attachment":"scroll","background-type":"","background-media":"","overlay-type":"","overlay-color":"","overlay-opacity":"","overlay-gradient":""},"mobile":{"background-color":"var(--ast-global-color-4)","background-image":"","background-repeat":"repeat","background-position":"center center","background-size":"auto","background-attachment":"scroll","background-type":"","background-media":"","overlay-type":"","overlay-color":"","overlay-opacity":"","overlay-gradient":""}},"footnotes":""},"class_list":["post-3538","page","type-page","status-publish","has-post-thumbnail","hentry"],"jetpack_sharing_enabled":true,"_links":{"self":[{"href":"https:\/\/milpatisserie.com\/index.php\/wp-json\/wp\/v2\/pages\/3538","targetHints":{"allow":["GET"]}}],"collection":[{"href":"https:\/\/milpatisserie.com\/index.php\/wp-json\/wp\/v2\/pages"}],"about":[{"href":"https:\/\/milpatisserie.com\/index.php\/wp-json\/wp\/v2\/types\/page"}],"author":[{"embeddable":true,"href":"https:\/\/milpatisserie.com\/index.php\/wp-json\/wp\/v2\/users\/1"}],"replies":[{"embeddable":true,"href":"https:\/\/milpatisserie.com\/index.php\/wp-json\/wp\/v2\/comments?post=3538"}],"version-history":[{"count":5,"href":"https:\/\/milpatisserie.com\/index.php\/wp-json\/wp\/v2\/pages\/3538\/revisions"}],"predecessor-version":[{"id":3685,"href":"https:\/\/milpatisserie.com\/index.php\/wp-json\/wp\/v2\/pages\/3538\/revisions\/3685"}],"wp:featuredmedia":[{"embeddable":true,"href":"https:\/\/milpatisserie.com\/index.php\/wp-json\/wp\/v2\/media\/3680"}],"wp:attachment":[{"href":"https:\/\/milpatisserie.com\/index.php\/wp-json\/wp\/v2\/media?parent=3538"}],"curies":[{"name":"wp","href":"https:\/\/api.w.org\/{rel}","templated":true}]}}