{"id":6,"date":"2024-08-02T14:07:22","date_gmt":"2024-08-02T12:07:22","guid":{"rendered":"https:\/\/milpatisserie.com\/?page_id=6"},"modified":"2025-12-02T21:15:10","modified_gmt":"2025-12-02T20:15:10","slug":"a-lorigine","status":"publish","type":"page","link":"https:\/\/milpatisserie.com\/index.php\/a-lorigine\/","title":{"rendered":"A l&rsquo;origine"},"content":{"rendered":"\n<p>Bienvenue chez MiL P\u00e2tisseries. Le\u00efla MiLandou c&rsquo;est moi. Je p\u00e2tisse et je partage avec vous mes d\u00e9couvertes des farines africaines, nutritives et sans gluten et certaines \u00e0 IG bas. Quoi d&rsquo;autre est possible?<\/p>\n\n\n\n<div class=\"wp-block-jetpack-tiled-gallery aligncenter is-style-rectangular\"><div class=\"\"><div class=\"tiled-gallery__gallery\"><div class=\"tiled-gallery__row\"><div class=\"tiled-gallery__col\" style=\"flex-basis:100.00000%\"><figure class=\"tiled-gallery__item\"><img decoding=\"async\" srcset=\"https:\/\/i0.wp.com\/milpatisserie.com\/wp-content\/uploads\/2025\/05\/Site-onglet-Projet-avenir.png?strip=info&#038;w=600 600w,https:\/\/i0.wp.com\/milpatisserie.com\/wp-content\/uploads\/2025\/05\/Site-onglet-Projet-avenir.png?strip=info&#038;w=900 900w,https:\/\/i0.wp.com\/milpatisserie.com\/wp-content\/uploads\/2025\/05\/Site-onglet-Projet-avenir.png?strip=info&#038;w=940 940w\" alt=\"\" data-height=\"788\" data-id=\"2077\" data-link=\"https:\/\/milpatisserie.com\/index.php\/bienvenue\/site-onglet-projet-avenir\/\" data-url=\"https:\/\/milpatisserie.com\/wp-content\/uploads\/2025\/05\/Site-onglet-Projet-avenir.png\" data-width=\"940\" src=\"https:\/\/i0.wp.com\/milpatisserie.com\/wp-content\/uploads\/2025\/05\/Site-onglet-Projet-avenir.png\" data-amp-layout=\"responsive\"\/><\/figure><\/div><\/div><\/div><\/div><\/div>\n\n\n\n<p><strong>Ma Vision : <\/strong><\/p>\n\n\n\n<ul class=\"wp-block-list\">\n<li>Valoriser les farines africaines comme aliment sant\u00e9 notamment dans la p\u00e2tisseries fran\u00e7aise. <\/li>\n<\/ul>\n\n\n\n<p>Etre accessible aux particularit\u00e9s alimentaires : les p\u00e2tisseries sont <strong>naturellement sans gluten<\/strong>, <strong>sans lactose et \u00e0 peine sucr\u00e9<\/strong>.         1 Entremet est test\u00e9 en laboratoire pour \u00eatre accessible aux allergiques au gluten. <\/p>\n\n\n\n<p>Etre un commerce accessible aux personnes Sourdes en langue des signes fran\u00e7aise. <a href=\"about:blank\"><\/a><\/p>\n\n\n\n<p>D\u00e9velopper les liens alimentaires et culturels  entre la France et l&rsquo;Afrique. <\/p>\n\n\n\n<h5 class=\"wp-block-heading\">R\u00e9flexions identitaires et m\u00e9tissage <\/h5>\n\n\n\n<div class=\"wp-block-media-text is-stacked-on-mobile\"><figure class=\"wp-block-media-text__media\"><img loading=\"lazy\" decoding=\"async\" width=\"940\" height=\"788\" src=\"https:\/\/milpatisserie.com\/wp-content\/uploads\/2024\/12\/Novembre-2024-30.png\" alt=\"\" class=\"wp-image-944 size-full\" srcset=\"https:\/\/milpatisserie.com\/wp-content\/uploads\/2024\/12\/Novembre-2024-30.png 940w, https:\/\/milpatisserie.com\/wp-content\/uploads\/2024\/12\/Novembre-2024-30-300x251.png 300w, https:\/\/milpatisserie.com\/wp-content\/uploads\/2024\/12\/Novembre-2024-30-768x644.png 768w\" sizes=\"auto, (max-width: 940px) 100vw, 940px\" \/><\/figure><div class=\"wp-block-media-text__content\">\n<p><em>\u00ab\u00a0Je suis m\u00e9tisse, un m\u00e9lange de couleur, ho ho, je suis m\u00e9tisse, je viens d&rsquo;ici et d&rsquo;ailleurs\u00a0\u00bb<\/em> (dixit Yannick Noah). Mais au fait, pourquoi, lorsqu&rsquo;on me demande mes origines et que je r\u00e9pond, fran\u00e7aise, on me dit \u00ab\u00a0non, tes vraies origines, les autres\u00a0\u00bb? Lesquelles autres? <\/p>\n<\/div><\/div>\n\n\n\n<h3 class=\"wp-block-heading\">Le parcours alimentaire de sant\u00e9<\/h3>\n\n\n\n<div class=\"wp-block-media-text is-stacked-on-mobile\"><figure class=\"wp-block-media-text__media\"><img loading=\"lazy\" decoding=\"async\" width=\"940\" height=\"788\" src=\"https:\/\/milpatisserie.com\/wp-content\/uploads\/2024\/12\/Novembre-2024-33.png\" alt=\"\" class=\"wp-image-947 size-full\" srcset=\"https:\/\/milpatisserie.com\/wp-content\/uploads\/2024\/12\/Novembre-2024-33.png 940w, https:\/\/milpatisserie.com\/wp-content\/uploads\/2024\/12\/Novembre-2024-33-300x251.png 300w, https:\/\/milpatisserie.com\/wp-content\/uploads\/2024\/12\/Novembre-2024-33-768x644.png 768w\" sizes=\"auto, (max-width: 940px) 100vw, 940px\" \/><\/figure><div class=\"wp-block-media-text__content\">\n<p>J&rsquo;ai cherch\u00e9 \u00e0 <strong>varier mon alimentation<\/strong> il y a de nombreuses ann\u00e9es. Varier c&rsquo;est utiliser de la farine de bl\u00e9, de ma\u00efs, de ch\u00e2taigne &#8230;. jusqu&rsquo;\u00e0 ce que je d\u00e9couvre ou re-d\u00e9couvre la <strong>farine de manioc<\/strong>, dit aussi le \u00a0\u00bb foufou\u00a0\u00bb, puis de souchet, le mil, puis d&rsquo;autres farines africaines. Cette racine, le manioc, existe depuis des milliers d&rsquo;ann\u00e9es en <strong>Afrique<\/strong>, et se mange fr\u00e9quemment en plat sal\u00e9 dans les pays tropicaux.&nbsp;<\/p>\n<\/div><\/div>\n\n\n\n<div class=\"wp-block-media-text has-media-on-the-right is-stacked-on-mobile\"><div class=\"wp-block-media-text__content\">\n<p>Pourquoi l&rsquo;utiliser en farine? Parce qu&rsquo;elle est nutritive et digeste, et naturellement sans gluten. Son c\u00f4t\u00e9 liant permet aux p\u00e2tisseries de gonfler. Elle a peu de go\u00fbt voir pas du tout, selon les mariages et les textures choisies.<\/p>\n<\/div><figure class=\"wp-block-media-text__media\"><img loading=\"lazy\" decoding=\"async\" width=\"940\" height=\"788\" src=\"https:\/\/milpatisserie.com\/wp-content\/uploads\/2024\/12\/Novembre-2024-34.png\" alt=\"\" class=\"wp-image-948 size-full\" srcset=\"https:\/\/milpatisserie.com\/wp-content\/uploads\/2024\/12\/Novembre-2024-34.png 940w, https:\/\/milpatisserie.com\/wp-content\/uploads\/2024\/12\/Novembre-2024-34-300x251.png 300w, https:\/\/milpatisserie.com\/wp-content\/uploads\/2024\/12\/Novembre-2024-34-768x644.png 768w\" sizes=\"auto, (max-width: 940px) 100vw, 940px\" \/><\/figure><\/div>\n\n\n\n<p class=\"has-primary-color has-text-color has-link-color has-normal-font-size wp-elements-1f4c2940162313109368c65666487024\">Ma cuisine et mes p\u00e2tisseries sont donc naturellement sans gluten, sucr\u00e9es \u00e0 10% environ, et sans lactose.<\/p>\n\n\n\n<div class=\"wp-block-media-text has-media-on-the-right is-stacked-on-mobile\"><div class=\"wp-block-media-text__content\">\n<p>C&rsquo;est dans cette perspective que je me suis dit : en <strong>Afrique, il y a des tr\u00e9sors alimentaires m\u00e9connus en France.<\/strong>  Je vais les valoriser dans mes p\u00e2tisseries. Bient\u00f4t j&rsquo;irai moi-m\u00eame les s\u00e9lectionner pour vous!<\/p>\n<\/div><figure class=\"wp-block-media-text__media\"><img decoding=\"async\" src=\"https:\/\/milpatisserie.com\/wp-content\/uploads\/2024\/12\/Novembre-2024-31.png\" alt=\"\" class=\"wp-image-945 size-full\"\/><\/figure><\/div>\n\n\n\n<h3 class=\"wp-block-heading\">Le livre de recettes auto-\u00e9dit\u00e9<\/h3>\n\n\n\n<div class=\"wp-block-media-text is-stacked-on-mobile\"><figure class=\"wp-block-media-text__media\"><img loading=\"lazy\" decoding=\"async\" width=\"940\" height=\"788\" src=\"https:\/\/milpatisserie.com\/wp-content\/uploads\/2024\/12\/Novembre-2024-32.png\" alt=\"\" class=\"wp-image-946 size-full\" srcset=\"https:\/\/milpatisserie.com\/wp-content\/uploads\/2024\/12\/Novembre-2024-32.png 940w, https:\/\/milpatisserie.com\/wp-content\/uploads\/2024\/12\/Novembre-2024-32-300x251.png 300w, https:\/\/milpatisserie.com\/wp-content\/uploads\/2024\/12\/Novembre-2024-32-768x644.png 768w\" sizes=\"auto, (max-width: 940px) 100vw, 940px\" \/><\/figure><div class=\"wp-block-media-text__content\">\n<p>Il y a d&rsquo;abord eu le projet de publication en auto-\u00e9dition d&rsquo;<strong>un livre de recettes<\/strong> de ma grand-m\u00e8re, revisit\u00e9es avec des farines africaines. Puis le d\u00e9marrage du <strong>CAP P\u00e2tisserie<\/strong> en formation pour adultes. Dipl\u00f4me qui vient compl\u00e9ter mon <strong>master en Sociologie<\/strong> du Lien Social\/Handicap et Surdit\u00e9; et du <strong>master en D\u00e9veloppement local<\/strong> de Projets. <\/p>\n<\/div><\/div>\n\n\n\n<p>Mon cr\u00e9do : Quoi d&rsquo;autre est possible?<\/p>\n\n\n\n<figure class=\"wp-block-image aligncenter size-full is-resized\"><img loading=\"lazy\" decoding=\"async\" width=\"423\" height=\"372\" src=\"https:\/\/milpatisserie.com\/wp-content\/uploads\/2024\/08\/LOGO_MIL.png\" alt=\"\" class=\"wp-image-107\" style=\"width:128px;height:auto\" srcset=\"https:\/\/milpatisserie.com\/wp-content\/uploads\/2024\/08\/LOGO_MIL.png 423w, https:\/\/milpatisserie.com\/wp-content\/uploads\/2024\/08\/LOGO_MIL-300x264.png 300w\" sizes=\"auto, (max-width: 423px) 100vw, 423px\" \/><\/figure>\n\n\n\n<div class=\"wp-block-buttons is-layout-flex wp-block-buttons-is-layout-flex\">\n<div class=\"wp-block-button\"><a class=\"wp-block-button__link wp-element-button\" href=\"https:\/\/milpatisserie.com\/index.php\/132-2\/\">Lien Galerie photo<\/a><\/div>\n\n\n\n<div class=\"wp-block-button\"><a class=\"wp-block-button__link wp-element-button\" href=\"https:\/\/mil-patisseries.sumupstore.com\/produits\">Lien pour commander<\/a><\/div>\n<\/div>\n\n\n\n<p><\/p>\n","protected":false},"excerpt":{"rendered":"<p>Bienvenue chez MiL P\u00e2tisseries. Le\u00efla MiLandou c&rsquo;est moi. Je p\u00e2tisse et je partage avec vous mes d\u00e9couvertes des farines africaines, [&hellip;]<\/p>\n","protected":false},"author":1,"featured_media":0,"parent":0,"menu_order":0,"comment_status":"closed","ping_status":"closed","template":"templates\/template-cover.php","meta":{"site-sidebar-layout":"default","site-content-layout":"","ast-site-content-layout":"default","site-content-style":"default","site-sidebar-style":"default","ast-global-header-display":"","ast-banner-title-visibility":"","ast-main-header-display":"","ast-hfb-above-header-display":"","ast-hfb-below-header-display":"","ast-hfb-mobile-header-display":"","site-post-title":"","ast-breadcrumbs-content":"","ast-featured-img":"","footer-sml-layout":"","ast-disable-related-posts":"","theme-transparent-header-meta":"","adv-header-id-meta":"","stick-header-meta":"","header-above-stick-meta":"","header-main-stick-meta":"","header-below-stick-meta":"","astra-migrate-meta-layouts":"default","ast-page-background-enabled":"default","ast-page-background-meta":{"desktop":{"background-color":"var(--ast-global-color-5)","background-image":"","background-repeat":"repeat","background-position":"center center","background-size":"auto","background-attachment":"scroll","background-type":"","background-media":"","overlay-type":"","overlay-color":"","overlay-opacity":"","overlay-gradient":""},"tablet":{"background-color":"","background-image":"","background-repeat":"repeat","background-position":"center center","background-size":"auto","background-attachment":"scroll","background-type":"","background-media":"","overlay-type":"","overlay-color":"","overlay-opacity":"","overlay-gradient":""},"mobile":{"background-color":"","background-image":"","background-repeat":"repeat","background-position":"center center","background-size":"auto","background-attachment":"scroll","background-type":"","background-media":"","overlay-type":"","overlay-color":"","overlay-opacity":"","overlay-gradient":""}},"ast-content-background-meta":{"desktop":{"background-color":"var(--ast-global-color-4)","background-image":"","background-repeat":"repeat","background-position":"center center","background-size":"auto","background-attachment":"scroll","background-type":"","background-media":"","overlay-type":"","overlay-color":"","overlay-opacity":"","overlay-gradient":""},"tablet":{"background-color":"var(--ast-global-color-4)","background-image":"","background-repeat":"repeat","background-position":"center center","background-size":"auto","background-attachment":"scroll","background-type":"","background-media":"","overlay-type":"","overlay-color":"","overlay-opacity":"","overlay-gradient":""},"mobile":{"background-color":"var(--ast-global-color-4)","background-image":"","background-repeat":"repeat","background-position":"center center","background-size":"auto","background-attachment":"scroll","background-type":"","background-media":"","overlay-type":"","overlay-color":"","overlay-opacity":"","overlay-gradient":""}},"footnotes":""},"class_list":["post-6","page","type-page","status-publish","hentry"],"jetpack_sharing_enabled":true,"_links":{"self":[{"href":"https:\/\/milpatisserie.com\/index.php\/wp-json\/wp\/v2\/pages\/6","targetHints":{"allow":["GET"]}}],"collection":[{"href":"https:\/\/milpatisserie.com\/index.php\/wp-json\/wp\/v2\/pages"}],"about":[{"href":"https:\/\/milpatisserie.com\/index.php\/wp-json\/wp\/v2\/types\/page"}],"author":[{"embeddable":true,"href":"https:\/\/milpatisserie.com\/index.php\/wp-json\/wp\/v2\/users\/1"}],"replies":[{"embeddable":true,"href":"https:\/\/milpatisserie.com\/index.php\/wp-json\/wp\/v2\/comments?post=6"}],"version-history":[{"count":33,"href":"https:\/\/milpatisserie.com\/index.php\/wp-json\/wp\/v2\/pages\/6\/revisions"}],"predecessor-version":[{"id":3479,"href":"https:\/\/milpatisserie.com\/index.php\/wp-json\/wp\/v2\/pages\/6\/revisions\/3479"}],"wp:attachment":[{"href":"https:\/\/milpatisserie.com\/index.php\/wp-json\/wp\/v2\/media?parent=6"}],"curies":[{"name":"wp","href":"https:\/\/api.w.org\/{rel}","templated":true}]}}