{"id":600,"date":"2024-08-08T09:18:38","date_gmt":"2024-08-08T07:18:38","guid":{"rendered":"https:\/\/milpatisserie.com\/?page_id=600"},"modified":"2025-12-02T21:14:13","modified_gmt":"2025-12-02T20:14:13","slug":"avis","status":"publish","type":"page","link":"https:\/\/milpatisserie.com\/index.php\/avis\/","title":{"rendered":"Avis"},"content":{"rendered":"\n<div class=\"wp-block-comments\"><h2 id=\"comments\" class=\"wp-block-comments-title\">6 r\u00e9ponses \u00e0 &#8220;Avis&#8221;<\/h2>\n\n<ol class=\"wp-block-comment-template\"><li id=\"comment-27\" class=\"comment even thread-even depth-1\">\n\n<div class=\"wp-block-columns is-layout-flex wp-container-core-columns-is-layout-28f84493 wp-block-columns-is-layout-flex\">\n<div class=\"wp-block-column is-layout-flow wp-block-column-is-layout-flow\" style=\"flex-basis:40px\"><div class=\"wp-block-avatar\"><img alt='Avatar de Josette' src='https:\/\/secure.gravatar.com\/avatar\/6e5d2743985937977acd6450a66d11403ccc579bca96b2554838f97800fb3ade?s=40&#038;d=mm&#038;r=g' srcset='https:\/\/secure.gravatar.com\/avatar\/6e5d2743985937977acd6450a66d11403ccc579bca96b2554838f97800fb3ade?s=80&#038;d=mm&#038;r=g 2x' class='avatar avatar-40 photo wp-block-avatar__image' height='40' width='40'  style=\"border-radius:20px;\"\/><\/div><\/div>\n\n\n\n<div class=\"wp-block-column is-layout-flow wp-block-column-is-layout-flow\"><div class=\"wp-block-comment-author-name has-small-font-size\"><a rel=\"external nofollow ugc\" href=\"http:\/\/www.milpatisserie.com\" target=\"_self\" >Josette<\/a><\/div>\n\n\n<div class=\"wp-block-group is-layout-flex wp-block-group-is-layout-flex\" style=\"margin-top:0px;margin-bottom:0px\"><div class=\"wp-block-comment-date has-small-font-size\"><time datetime=\"2024-12-26T18:31:16+01:00\"><a href=\"https:\/\/milpatisserie.com\/index.php\/avis\/#comment-27\">26 d\u00e9cembre 2024<\/a><\/time><\/div>\n\n<\/div>\n\n\n<div class=\"wp-block-comment-content\"><p>Toute notre tabl\u00e9e a beaucoup appr\u00e9ci\u00e9 votre Malol\u00e9 deux couleurs.<br \/>\nTr\u00e8s belle d\u00e9coration sobre et chic. Merci pour votre disponibilit\u00e9.<\/p>\n<\/div>\n\n<div class=\"wp-block-comment-reply-link has-small-font-size\"><a rel=\"nofollow\" class=\"comment-reply-link\" href=\"https:\/\/milpatisserie.com\/index.php\/avis\/?replytocom=27#respond\" data-commentid=\"27\" data-postid=\"600\" data-belowelement=\"comment-27\" data-respondelement=\"respond\" data-replyto=\"R\u00e9pondre \u00e0 Josette\" aria-label=\"R\u00e9pondre \u00e0 Josette\">R\u00e9pondre<\/a><\/div><\/div>\n<\/div>\n\n<ol><li id=\"comment-28\" class=\"comment byuser comment-author-admin1568 bypostauthor odd alt depth-2\">\n\n<div class=\"wp-block-columns is-layout-flex wp-container-core-columns-is-layout-28f84493 wp-block-columns-is-layout-flex\">\n<div class=\"wp-block-column is-layout-flow wp-block-column-is-layout-flow\" style=\"flex-basis:40px\"><div class=\"wp-block-avatar\"><img alt='Avatar de admin1568' src='https:\/\/secure.gravatar.com\/avatar\/046bd59ad0e73f387f4dc03e21544048d35a0009a748ce9c5885ec753029791c?s=40&#038;d=mm&#038;r=g' srcset='https:\/\/secure.gravatar.com\/avatar\/046bd59ad0e73f387f4dc03e21544048d35a0009a748ce9c5885ec753029791c?s=80&#038;d=mm&#038;r=g 2x' class='avatar avatar-40 photo wp-block-avatar__image' height='40' width='40'  style=\"border-radius:20px;\"\/><\/div><\/div>\n\n\n\n<div class=\"wp-block-column is-layout-flow wp-block-column-is-layout-flow\"><div class=\"wp-block-comment-author-name has-small-font-size\"><a rel=\"external nofollow ugc\" href=\"https:\/\/milpatisserie.com\" target=\"_self\" >admin1568<\/a><\/div>\n\n\n<div class=\"wp-block-group is-layout-flex wp-block-group-is-layout-flex\" style=\"margin-top:0px;margin-bottom:0px\"><div class=\"wp-block-comment-date has-small-font-size\"><time datetime=\"2025-01-08T09:56:52+01:00\"><a href=\"https:\/\/milpatisserie.com\/index.php\/avis\/#comment-28\">8 janvier 2025<\/a><\/time><\/div>\n\n<\/div>\n\n\n<div class=\"wp-block-comment-content\"><p>Bonjour Josette,<br \/>\nMerci pour votre retour, je suis ravie d&rsquo;avoir r\u00e9gal\u00e9 vos papilles. A bient\u00f4t,<\/p>\n<\/div>\n\n<div class=\"wp-block-comment-reply-link has-small-font-size\"><a rel=\"nofollow\" class=\"comment-reply-link\" href=\"https:\/\/milpatisserie.com\/index.php\/avis\/?replytocom=28#respond\" data-commentid=\"28\" data-postid=\"600\" data-belowelement=\"comment-28\" data-respondelement=\"respond\" data-replyto=\"R\u00e9pondre \u00e0 admin1568\" aria-label=\"R\u00e9pondre \u00e0 admin1568\">R\u00e9pondre<\/a><\/div><\/div>\n<\/div>\n\n<\/li><\/ol><\/li><li id=\"comment-29\" class=\"comment even thread-odd thread-alt depth-1\">\n\n<div class=\"wp-block-columns is-layout-flex wp-container-core-columns-is-layout-28f84493 wp-block-columns-is-layout-flex\">\n<div class=\"wp-block-column is-layout-flow wp-block-column-is-layout-flow\" style=\"flex-basis:40px\"><div class=\"wp-block-avatar\"><img alt='Avatar de Velomad Richard' src='https:\/\/secure.gravatar.com\/avatar\/38de918c3ace3b778e6b241e294d5338c91ba1bc4ea59dcbd74dc6fd5bd3a1ce?s=40&#038;d=mm&#038;r=g' srcset='https:\/\/secure.gravatar.com\/avatar\/38de918c3ace3b778e6b241e294d5338c91ba1bc4ea59dcbd74dc6fd5bd3a1ce?s=80&#038;d=mm&#038;r=g 2x' class='avatar avatar-40 photo wp-block-avatar__image' height='40' width='40'  style=\"border-radius:20px;\"\/><\/div><\/div>\n\n\n\n<div class=\"wp-block-column is-layout-flow wp-block-column-is-layout-flow\"><div class=\"wp-block-comment-author-name has-small-font-size\">Velomad Richard<\/div>\n\n\n<div class=\"wp-block-group is-layout-flex wp-block-group-is-layout-flex\" style=\"margin-top:0px;margin-bottom:0px\"><div class=\"wp-block-comment-date has-small-font-size\"><time datetime=\"2025-02-06T15:55:52+01:00\"><a href=\"https:\/\/milpatisserie.com\/index.php\/avis\/#comment-29\">6 f\u00e9vrier 2025<\/a><\/time><\/div>\n\n<\/div>\n\n\n<div class=\"wp-block-comment-content\"><p>D\u00e9couvert au march\u00e9 de St Egr\u00e8ve, d&rsquo;excellentes p\u00e2tisserie et pour un cycliste \u00e7a tient au ventre, tr\u00e8s facile a dig\u00e9rer.<\/p>\n<\/div>\n\n<div class=\"wp-block-comment-reply-link has-small-font-size\"><a rel=\"nofollow\" class=\"comment-reply-link\" href=\"https:\/\/milpatisserie.com\/index.php\/avis\/?replytocom=29#respond\" data-commentid=\"29\" data-postid=\"600\" data-belowelement=\"comment-29\" data-respondelement=\"respond\" data-replyto=\"R\u00e9pondre \u00e0 Velomad Richard\" aria-label=\"R\u00e9pondre \u00e0 Velomad Richard\">R\u00e9pondre<\/a><\/div><\/div>\n<\/div>\n\n<\/li><li id=\"comment-44\" class=\"comment odd alt thread-even depth-1\">\n\n<div class=\"wp-block-columns is-layout-flex wp-container-core-columns-is-layout-28f84493 wp-block-columns-is-layout-flex\">\n<div class=\"wp-block-column is-layout-flow wp-block-column-is-layout-flow\" style=\"flex-basis:40px\"><div class=\"wp-block-avatar\"><img alt='Avatar de Ouari' src='https:\/\/secure.gravatar.com\/avatar\/24c9a29a6e30b4aac145a65f1f4f573bc4d5843760f5cba20890ba1073b83dbb?s=40&#038;d=mm&#038;r=g' srcset='https:\/\/secure.gravatar.com\/avatar\/24c9a29a6e30b4aac145a65f1f4f573bc4d5843760f5cba20890ba1073b83dbb?s=80&#038;d=mm&#038;r=g 2x' class='avatar avatar-40 photo wp-block-avatar__image' height='40' width='40'  style=\"border-radius:20px;\"\/><\/div><\/div>\n\n\n\n<div class=\"wp-block-column is-layout-flow wp-block-column-is-layout-flow\"><div class=\"wp-block-comment-author-name has-small-font-size\">Ouari<\/div>\n\n\n<div class=\"wp-block-group is-layout-flex wp-block-group-is-layout-flex\" style=\"margin-top:0px;margin-bottom:0px\"><div class=\"wp-block-comment-date has-small-font-size\"><time datetime=\"2025-07-27T16:15:01+02:00\"><a href=\"https:\/\/milpatisserie.com\/index.php\/avis\/#comment-44\">27 juillet 2025<\/a><\/time><\/div>\n\n<\/div>\n\n\n<div class=\"wp-block-comment-content\"><p>On a d\u00e9gust\u00e9 un Mabaya poire-chocolat choisi par ma fille pour son anniversaire, accompagn\u00e9 de verrines-mignardises chocaspark, leilado, bareines et mousse de mangue. Tout le monde s est r\u00e9gal\u00e9 !<br \/>\nParfait pour mon papa qui ne mange pas sucr\u00e9 et on sent mieux le go\u00fbt des aliments.<br \/>\nMerci pour ce beau g\u00e2teau !<\/p>\n<\/div>\n\n<div class=\"wp-block-comment-reply-link has-small-font-size\"><a rel=\"nofollow\" class=\"comment-reply-link\" href=\"https:\/\/milpatisserie.com\/index.php\/avis\/?replytocom=44#respond\" data-commentid=\"44\" data-postid=\"600\" data-belowelement=\"comment-44\" data-respondelement=\"respond\" data-replyto=\"R\u00e9pondre \u00e0 Ouari\" aria-label=\"R\u00e9pondre \u00e0 Ouari\">R\u00e9pondre<\/a><\/div><\/div>\n<\/div>\n\n<\/li><li id=\"comment-67\" class=\"comment even thread-odd thread-alt depth-1\">\n\n<div class=\"wp-block-columns is-layout-flex wp-container-core-columns-is-layout-28f84493 wp-block-columns-is-layout-flex\">\n<div class=\"wp-block-column is-layout-flow wp-block-column-is-layout-flow\" style=\"flex-basis:40px\"><div class=\"wp-block-avatar\"><img alt='Avatar de Nico' src='https:\/\/secure.gravatar.com\/avatar\/f4736462888f84c2984d9e9ce004e58ba3e47e50000b33e4d9009785429c72a7?s=40&#038;d=mm&#038;r=g' srcset='https:\/\/secure.gravatar.com\/avatar\/f4736462888f84c2984d9e9ce004e58ba3e47e50000b33e4d9009785429c72a7?s=80&#038;d=mm&#038;r=g 2x' class='avatar avatar-40 photo wp-block-avatar__image' height='40' width='40'  style=\"border-radius:20px;\"\/><\/div><\/div>\n\n\n\n<div class=\"wp-block-column is-layout-flow wp-block-column-is-layout-flow\"><div class=\"wp-block-comment-author-name has-small-font-size\">Nico<\/div>\n\n\n<div class=\"wp-block-group is-layout-flex wp-block-group-is-layout-flex\" style=\"margin-top:0px;margin-bottom:0px\"><div class=\"wp-block-comment-date has-small-font-size\"><time datetime=\"2025-12-28T18:47:16+01:00\"><a href=\"https:\/\/milpatisserie.com\/index.php\/avis\/#comment-67\">28 d\u00e9cembre 2025<\/a><\/time><\/div>\n\n<\/div>\n\n\n<div class=\"wp-block-comment-content\"><p>On a command\u00e9 le Mamol\u00e9 Chocolat et c&rsquo;\u00e9tait un r\u00e9gal !<br \/>\nNous sommes ravis d&rsquo;avoir trouv\u00e9 une p\u00e2tissi\u00e8re qui peut nous offrir des options sans gluten.<br \/>\nMerci beaucoup !<\/p>\n<\/div>\n\n<div class=\"wp-block-comment-reply-link has-small-font-size\"><a rel=\"nofollow\" class=\"comment-reply-link\" href=\"https:\/\/milpatisserie.com\/index.php\/avis\/?replytocom=67#respond\" data-commentid=\"67\" data-postid=\"600\" data-belowelement=\"comment-67\" data-respondelement=\"respond\" data-replyto=\"R\u00e9pondre \u00e0 Nico\" aria-label=\"R\u00e9pondre \u00e0 Nico\">R\u00e9pondre<\/a><\/div><\/div>\n<\/div>\n\n<\/li><li id=\"comment-69\" class=\"comment odd alt thread-even depth-1\">\n\n<div class=\"wp-block-columns is-layout-flex wp-container-core-columns-is-layout-28f84493 wp-block-columns-is-layout-flex\">\n<div class=\"wp-block-column is-layout-flow wp-block-column-is-layout-flow\" style=\"flex-basis:40px\"><div class=\"wp-block-avatar\"><img alt='Avatar de Fabrice' src='https:\/\/secure.gravatar.com\/avatar\/d981db47a0e309c01aec75d401d7eef9d7286eb6db51daa59562dd8cf2c228d1?s=40&#038;d=mm&#038;r=g' srcset='https:\/\/secure.gravatar.com\/avatar\/d981db47a0e309c01aec75d401d7eef9d7286eb6db51daa59562dd8cf2c228d1?s=80&#038;d=mm&#038;r=g 2x' class='avatar avatar-40 photo wp-block-avatar__image' height='40' width='40'  style=\"border-radius:20px;\"\/><\/div><\/div>\n\n\n\n<div class=\"wp-block-column is-layout-flow wp-block-column-is-layout-flow\"><div class=\"wp-block-comment-author-name has-small-font-size\">Fabrice<\/div>\n\n\n<div class=\"wp-block-group is-layout-flex wp-block-group-is-layout-flex\" style=\"margin-top:0px;margin-bottom:0px\"><div class=\"wp-block-comment-date has-small-font-size\"><time datetime=\"2026-01-09T16:08:32+01:00\"><a href=\"https:\/\/milpatisserie.com\/index.php\/avis\/#comment-69\">9 janvier 2026<\/a><\/time><\/div>\n\n<\/div>\n\n\n<div class=\"wp-block-comment-content\"><p>Pour notre 1\u00e8re commande avec plateau de mignardises verrines, nous n\u2019avons pas \u00e9t\u00e9 d\u00e9\u00e7us.<br \/>\nCe f\u00fbt un r\u00e9gal !<br \/>\nNous sugg\u00e9rons ce site<br \/>\nMerci et \u00e0 bient\u00f4t !<\/p>\n<\/div>\n\n<div class=\"wp-block-comment-reply-link has-small-font-size\"><a rel=\"nofollow\" class=\"comment-reply-link\" href=\"https:\/\/milpatisserie.com\/index.php\/avis\/?replytocom=69#respond\" data-commentid=\"69\" data-postid=\"600\" data-belowelement=\"comment-69\" data-respondelement=\"respond\" data-replyto=\"R\u00e9pondre \u00e0 Fabrice\" aria-label=\"R\u00e9pondre \u00e0 Fabrice\">R\u00e9pondre<\/a><\/div><\/div>\n<\/div>\n\n<\/li><\/ol>\n\n\n\n\t<div id=\"respond\" class=\"comment-respond wp-block-post-comments-form\">\n\t\t<h3 id=\"reply-title\" class=\"comment-reply-title\">Laisser un commentaire <small><a rel=\"nofollow\" id=\"cancel-comment-reply-link\" href=\"\/index.php\/wp-json\/wp\/v2\/pages\/600#respond\" style=\"display:none;\">Annuler la r\u00e9ponse<\/a><\/small><\/h3><form action=\"https:\/\/milpatisserie.com\/wp-comments-post.php\" method=\"post\" id=\"commentform\" class=\"comment-form\"><p class=\"comment-notes\"><span id=\"email-notes\">Votre adresse e-mail ne sera pas publi\u00e9e.<\/span> <span class=\"required-field-message\">Les champs obligatoires sont indiqu\u00e9s avec <span class=\"required\">*<\/span><\/span><\/p><p class=\"comment-form-comment\"><label for=\"comment\">Commentaire <span class=\"required\">*<\/span><\/label> <textarea autocomplete=\"new-password\"  id=\"ha1033708e\"  name=\"ha1033708e\"   cols=\"45\" rows=\"8\" maxlength=\"65525\" required=\"required\"><\/textarea><textarea id=\"comment\" aria-label=\"hp-comment\" aria-hidden=\"true\" name=\"comment\" autocomplete=\"new-password\" style=\"padding:0 !important;clip:rect(1px, 1px, 1px, 1px) !important;position:absolute !important;white-space:nowrap !important;height:1px !important;width:1px !important;overflow:hidden !important;\" tabindex=\"-1\"><\/textarea><script data-noptimize>document.getElementById(\"comment\").setAttribute( \"id\", \"a33b6e8216a0dd422af41b74669de79b\" );document.getElementById(\"ha1033708e\").setAttribute( \"id\", \"comment\" );<\/script><\/p><div class=\"ast-comment-formwrap ast-row\">\n\t\t\t<p class=\"comment-form-author ast-grid-common-col ast-width-lg-33 ast-width-md-4 ast-float\">\n\t\t\t\t<label for=\"author\" class=\"screen-reader-text\">Nom*<\/label>\n\t\t\t\t<input id=\"author\" name=\"author\" type=\"text\" \n\t\t\t\t\tvalue=\"\" \n\t\t\t\t\tplaceholder=\"Nom*\" \n\t\t\t\t\tsize=\"30\" aria-required='true' autocomplete=\"name\" \/>\n\t\t\t<\/p>\n<p class=\"comment-form-email ast-grid-common-col ast-width-lg-33 ast-width-md-4 ast-float\">\n\t\t\t<label for=\"email\" class=\"screen-reader-text\">E-mail*<\/label>\n\t\t\t<input id=\"email\" name=\"email\" type=\"text\" \n\t\t\t\tvalue=\"\" \n\t\t\t\tplaceholder=\"E-mail*\" \n\t\t\t\tsize=\"30\" aria-required='true' autocomplete=\"email\" \/>\n\t\t<\/p>\n<p class=\"comment-form-url ast-grid-common-col ast-width-lg-33 ast-width-md-4 ast-float\">\n\t\t\t<label for=\"url\" class=\"screen-reader-text\">Site<\/label>\n\t\t\t<input id=\"url\" name=\"url\" type=\"text\" \n\t\t\t\tvalue=\"\" \n\t\t\t\tplaceholder=\"Site\" \n\t\t\t\tsize=\"30\" autocomplete=\"url\" \/>\n\t\t<\/p>\n\t\t<\/div>\n<p class=\"form-submit\"><input name=\"submit\" type=\"submit\" id=\"submit\" class=\"submit\" value=\"Laisser un commentaire\" \/> <input type='hidden' name='comment_post_ID' value='600' id='comment_post_ID' \/>\n<input type='hidden' name='comment_parent' id='comment_parent' value='0' \/>\n<\/p><\/form>\t<\/div><!-- #respond -->\n\t<\/div>\n\n\n\n<blockquote class=\"wp-block-quote is-layout-flow wp-block-quote-is-layout-flow\">\n<p>\u00ab\u00a0Les quiches sont excellentes. Je me suis r\u00e9gal\u00e9e.<\/p>\n\n\n\n<p>Les mignardises \u00e9taient aussi tr\u00e8s bonnes avec le caf\u00e9.<\/p>\n\n\n\n<p>Au plaisir de vous revoir au march\u00e9 !\u00a0\u00bb <\/p>\n\n\n\n<p>Claudine, 24 f\u00e9vrier 2025<\/p>\n<\/blockquote>\n\n\n\n<blockquote class=\"wp-block-quote is-layout-flow wp-block-quote-is-layout-flow\">\n<p>\u00ab\u00a0Petit tour au march\u00e9 ce matin. Pour un 1er contact, j\u2019ai achet\u00e9 un assortiment de sal\u00e9 et de sucr\u00e9.<\/p>\n\n\n\n<p>Ce midi, en dessert, j\u2019ai d\u00e9gust\u00e9 un Chocaspark chocolat caf\u00e9. Cela m\u2019a fait pens\u00e9 \u00e0 un tiramisu mais en plus consistant.<\/p>\n\n\n\n<p>J\u2019ai appr\u00e9ci\u00e9 que ce ne soit pas&nbsp;<a><\/a>trop sucr\u00e9.<\/p>\n\n\n\n<p>J\u2019ai eu la surprise de d\u00e9couvrir le biscuit au fond du pot. Plusieurs textures au fur et \u00e0 mesure de la d\u00e9gustation.<\/p>\n\n\n\n<p>H\u00e2te de d\u00e9couvrir les mignardises et les tartes sal\u00e9es !\u00a0\u00bb <\/p>\n\n\n\n<p>Claudine, 23 f\u00e9vrier 2025<\/p>\n<\/blockquote>\n\n\n<ol class=\"has-avatars has-dates has-excerpts wp-block-latest-comments\"><li class=\"wp-block-latest-comments__comment\"><img alt='' src='https:\/\/secure.gravatar.com\/avatar\/d981db47a0e309c01aec75d401d7eef9d7286eb6db51daa59562dd8cf2c228d1?s=48&#038;d=mm&#038;r=g' srcset='https:\/\/secure.gravatar.com\/avatar\/d981db47a0e309c01aec75d401d7eef9d7286eb6db51daa59562dd8cf2c228d1?s=96&#038;d=mm&#038;r=g 2x' class='avatar avatar-48 photo wp-block-latest-comments__comment-avatar' height='48' width='48' \/><article><footer class=\"wp-block-latest-comments__comment-meta\"><span class=\"wp-block-latest-comments__comment-author\">Fabrice<\/span> sur <a class=\"wp-block-latest-comments__comment-link\" href=\"https:\/\/milpatisserie.com\/index.php\/avis\/#comment-69\">Avis<\/a><time datetime=\"2026-01-09T16:08:32+01:00\" class=\"wp-block-latest-comments__comment-date\">9 janvier 2026<\/time><\/footer><div class=\"wp-block-latest-comments__comment-excerpt\"><p>Pour notre 1\u00e8re commande avec plateau de mignardises verrines, nous n\u2019avons pas \u00e9t\u00e9 d\u00e9\u00e7us. Ce f\u00fbt un r\u00e9gal ! Nous&hellip;<\/p>\n<\/div><\/article><\/li><li class=\"wp-block-latest-comments__comment\"><img alt='' src='https:\/\/secure.gravatar.com\/avatar\/f4736462888f84c2984d9e9ce004e58ba3e47e50000b33e4d9009785429c72a7?s=48&#038;d=mm&#038;r=g' srcset='https:\/\/secure.gravatar.com\/avatar\/f4736462888f84c2984d9e9ce004e58ba3e47e50000b33e4d9009785429c72a7?s=96&#038;d=mm&#038;r=g 2x' class='avatar avatar-48 photo wp-block-latest-comments__comment-avatar' height='48' width='48' \/><article><footer class=\"wp-block-latest-comments__comment-meta\"><span class=\"wp-block-latest-comments__comment-author\">Nico<\/span> sur <a class=\"wp-block-latest-comments__comment-link\" href=\"https:\/\/milpatisserie.com\/index.php\/avis\/#comment-67\">Avis<\/a><time datetime=\"2025-12-28T18:47:16+01:00\" class=\"wp-block-latest-comments__comment-date\">28 d\u00e9cembre 2025<\/time><\/footer><div class=\"wp-block-latest-comments__comment-excerpt\"><p>On a command\u00e9 le Mamol\u00e9 Chocolat et c&rsquo;\u00e9tait un r\u00e9gal ! Nous sommes ravis d&rsquo;avoir trouv\u00e9 une p\u00e2tissi\u00e8re qui peut&hellip;<\/p>\n<\/div><\/article><\/li><li class=\"wp-block-latest-comments__comment\"><img alt='' src='https:\/\/secure.gravatar.com\/avatar\/24c9a29a6e30b4aac145a65f1f4f573bc4d5843760f5cba20890ba1073b83dbb?s=48&#038;d=mm&#038;r=g' srcset='https:\/\/secure.gravatar.com\/avatar\/24c9a29a6e30b4aac145a65f1f4f573bc4d5843760f5cba20890ba1073b83dbb?s=96&#038;d=mm&#038;r=g 2x' class='avatar avatar-48 photo wp-block-latest-comments__comment-avatar' height='48' width='48' \/><article><footer class=\"wp-block-latest-comments__comment-meta\"><span class=\"wp-block-latest-comments__comment-author\">Ouari<\/span> sur <a class=\"wp-block-latest-comments__comment-link\" href=\"https:\/\/milpatisserie.com\/index.php\/avis\/#comment-44\">Avis<\/a><time datetime=\"2025-07-27T16:15:01+02:00\" class=\"wp-block-latest-comments__comment-date\">27 juillet 2025<\/time><\/footer><div class=\"wp-block-latest-comments__comment-excerpt\"><p>On a d\u00e9gust\u00e9 un Mabaya poire-chocolat choisi par ma fille pour son anniversaire, accompagn\u00e9 de verrines-mignardises chocaspark, leilado, bareines et&hellip;<\/p>\n<\/div><\/article><\/li><li class=\"wp-block-latest-comments__comment\"><img alt='' src='https:\/\/secure.gravatar.com\/avatar\/38de918c3ace3b778e6b241e294d5338c91ba1bc4ea59dcbd74dc6fd5bd3a1ce?s=48&#038;d=mm&#038;r=g' srcset='https:\/\/secure.gravatar.com\/avatar\/38de918c3ace3b778e6b241e294d5338c91ba1bc4ea59dcbd74dc6fd5bd3a1ce?s=96&#038;d=mm&#038;r=g 2x' class='avatar avatar-48 photo wp-block-latest-comments__comment-avatar' height='48' width='48' \/><article><footer class=\"wp-block-latest-comments__comment-meta\"><span class=\"wp-block-latest-comments__comment-author\">Velomad Richard<\/span> sur <a class=\"wp-block-latest-comments__comment-link\" href=\"https:\/\/milpatisserie.com\/index.php\/avis\/#comment-29\">Avis<\/a><time datetime=\"2025-02-06T15:55:52+01:00\" class=\"wp-block-latest-comments__comment-date\">6 f\u00e9vrier 2025<\/time><\/footer><div class=\"wp-block-latest-comments__comment-excerpt\"><p>D\u00e9couvert au march\u00e9 de St Egr\u00e8ve, d&rsquo;excellentes p\u00e2tisserie et pour un cycliste \u00e7a tient au ventre, tr\u00e8s facile a dig\u00e9rer.<\/p>\n<\/div><\/article><\/li><li class=\"wp-block-latest-comments__comment\"><img alt='' src='https:\/\/secure.gravatar.com\/avatar\/046bd59ad0e73f387f4dc03e21544048d35a0009a748ce9c5885ec753029791c?s=48&#038;d=mm&#038;r=g' srcset='https:\/\/secure.gravatar.com\/avatar\/046bd59ad0e73f387f4dc03e21544048d35a0009a748ce9c5885ec753029791c?s=96&#038;d=mm&#038;r=g 2x' class='avatar avatar-48 photo wp-block-latest-comments__comment-avatar' height='48' width='48' \/><article><footer class=\"wp-block-latest-comments__comment-meta\"><a class=\"wp-block-latest-comments__comment-author\" href=\"https:\/\/milpatisserie.com\">admin1568<\/a> sur <a class=\"wp-block-latest-comments__comment-link\" href=\"https:\/\/milpatisserie.com\/index.php\/avis\/#comment-28\">Avis<\/a><time datetime=\"2025-01-08T09:56:52+01:00\" class=\"wp-block-latest-comments__comment-date\">8 janvier 2025<\/time><\/footer><div class=\"wp-block-latest-comments__comment-excerpt\"><p>Bonjour Josette, Merci pour votre retour, je suis ravie d&rsquo;avoir r\u00e9gal\u00e9 vos papilles. A bient\u00f4t,<\/p>\n<\/div><\/article><\/li><\/ol>","protected":false},"excerpt":{"rendered":"<p>\u00ab\u00a0Les quiches sont excellentes. Je me suis r\u00e9gal\u00e9e. Les mignardises \u00e9taient aussi tr\u00e8s bonnes avec le caf\u00e9. Au plaisir de [&hellip;]<\/p>\n","protected":false},"author":1,"featured_media":0,"parent":0,"menu_order":0,"comment_status":"open","ping_status":"closed","template":"templates\/template-cover.php","meta":{"site-sidebar-layout":"default","site-content-layout":"","ast-site-content-layout":"default","site-content-style":"default","site-sidebar-style":"default","ast-global-header-display":"","ast-banner-title-visibility":"","ast-main-header-display":"","ast-hfb-above-header-display":"","ast-hfb-below-header-display":"","ast-hfb-mobile-header-display":"","site-post-title":"","ast-breadcrumbs-content":"","ast-featured-img":"","footer-sml-layout":"","ast-disable-related-posts":"","theme-transparent-header-meta":"","adv-header-id-meta":"","stick-header-meta":"","header-above-stick-meta":"","header-main-stick-meta":"","header-below-stick-meta":"","astra-migrate-meta-layouts":"default","ast-page-background-enabled":"default","ast-page-background-meta":{"desktop":{"background-color":"var(--ast-global-color-5)","background-image":"","background-repeat":"repeat","background-position":"center center","background-size":"auto","background-attachment":"scroll","background-type":"","background-media":"","overlay-type":"","overlay-color":"","overlay-opacity":"","overlay-gradient":""},"tablet":{"background-color":"","background-image":"","background-repeat":"repeat","background-position":"center center","background-size":"auto","background-attachment":"scroll","background-type":"","background-media":"","overlay-type":"","overlay-color":"","overlay-opacity":"","overlay-gradient":""},"mobile":{"background-color":"","background-image":"","background-repeat":"repeat","background-position":"center center","background-size":"auto","background-attachment":"scroll","background-type":"","background-media":"","overlay-type":"","overlay-color":"","overlay-opacity":"","overlay-gradient":""}},"ast-content-background-meta":{"desktop":{"background-color":"var(--ast-global-color-4)","background-image":"","background-repeat":"repeat","background-position":"center center","background-size":"auto","background-attachment":"scroll","background-type":"","background-media":"","overlay-type":"","overlay-color":"","overlay-opacity":"","overlay-gradient":""},"tablet":{"background-color":"var(--ast-global-color-4)","background-image":"","background-repeat":"repeat","background-position":"center center","background-size":"auto","background-attachment":"scroll","background-type":"","background-media":"","overlay-type":"","overlay-color":"","overlay-opacity":"","overlay-gradient":""},"mobile":{"background-color":"var(--ast-global-color-4)","background-image":"","background-repeat":"repeat","background-position":"center center","background-size":"auto","background-attachment":"scroll","background-type":"","background-media":"","overlay-type":"","overlay-color":"","overlay-opacity":"","overlay-gradient":""}},"footnotes":""},"class_list":["post-600","page","type-page","status-publish","hentry"],"jetpack_sharing_enabled":true,"_links":{"self":[{"href":"https:\/\/milpatisserie.com\/index.php\/wp-json\/wp\/v2\/pages\/600","targetHints":{"allow":["GET"]}}],"collection":[{"href":"https:\/\/milpatisserie.com\/index.php\/wp-json\/wp\/v2\/pages"}],"about":[{"href":"https:\/\/milpatisserie.com\/index.php\/wp-json\/wp\/v2\/types\/page"}],"author":[{"embeddable":true,"href":"https:\/\/milpatisserie.com\/index.php\/wp-json\/wp\/v2\/users\/1"}],"replies":[{"embeddable":true,"href":"https:\/\/milpatisserie.com\/index.php\/wp-json\/wp\/v2\/comments?post=600"}],"version-history":[{"count":5,"href":"https:\/\/milpatisserie.com\/index.php\/wp-json\/wp\/v2\/pages\/600\/revisions"}],"predecessor-version":[{"id":1374,"href":"https:\/\/milpatisserie.com\/index.php\/wp-json\/wp\/v2\/pages\/600\/revisions\/1374"}],"wp:attachment":[{"href":"https:\/\/milpatisserie.com\/index.php\/wp-json\/wp\/v2\/media?parent=600"}],"curies":[{"name":"wp","href":"https:\/\/api.w.org\/{rel}","templated":true}]}}